{"id":6387,"date":"2024-09-12T10:46:04","date_gmt":"2024-09-12T10:46:04","guid":{"rendered":"https:\/\/test.champagne-lallier.com\/dev\/?page_id=6387"},"modified":"2025-10-30T08:09:14","modified_gmt":"2025-10-30T08:09:14","slug":"r021-rose","status":"publish","type":"page","link":"https:\/\/test.champagne-lallier.com\/dev\/our-collections\/reflexions-r\/r021-rose\/","title":{"rendered":"R.021 Brut Ros\u00e9\u200b"},"content":{"rendered":"","protected":false},"excerpt":{"rendered":"","protected":false},"author":10001,"featured_media":6319,"parent":570,"menu_order":0,"comment_status":"closed","ping_status":"closed","template":"templates\/tpl-blocks.php","meta":{"_acf_changed":false,"footnotes":""},"pagetype":[12],"class_list":["post-6387","page","type-page","status-publish","has-post-thumbnail","hentry","pagetype-product"],"acf":[],"yoast_head":"<!-- This site is optimized with the Yoast SEO plugin v26.9 - https:\/\/yoast.com\/product\/yoast-seo-wordpress\/ -->\n<title>R\u00e9flexion R.021 Brut Ros\u00e9 Champagne | Lallier<\/title>\n<meta name=\"description\" content=\"Discover the extra touch of liveliness and structure of R\u00e9flexion R.021 Ros\u00e9, the result of a new approach to Ros\u00e9 champagne blending at Lallier.\" \/>\n<meta name=\"robots\" content=\"noindex, follow, max-snippet:-1, max-image-preview:large, max-video-preview:-1\" \/>\n<meta property=\"og:type\" content=\"article\" \/>\n<meta property=\"og:title\" content=\"R\u00e9flexion R.021 Brut Ros\u00e9 Champagne | Lallier\" \/>\n<meta property=\"og:description\" content=\"Discover the extra touch of liveliness and structure of R\u00e9flexion R.021 Ros\u00e9, the result of a new approach to Ros\u00e9 champagne blending at Lallier.\" \/>\n<meta property=\"og:url\" content=\"https:\/\/www.champagne-lallier.com\/our-collections\/reflexions-r\/r021-rose\/\" \/>\n<meta property=\"og:site_name\" content=\"Champagne Lallier\" \/>\n<meta property=\"article:modified_time\" content=\"2025-10-30T08:09:14+00:00\" \/>\n<meta property=\"og:image\" content=\"https:\/\/www.champagne-lallier.com\/app\/uploads\/2024\/09\/R021Brut.png\" \/>\n\t<meta property=\"og:image:width\" content=\"436\" \/>\n\t<meta property=\"og:image:height\" content=\"1297\" \/>\n\t<meta property=\"og:image:type\" content=\"image\/png\" \/>\n<meta name=\"twitter:card\" content=\"summary_large_image\" \/>\n<meta name=\"twitter:label1\" content=\"Est. reading time\" \/>\n\t<meta name=\"twitter:data1\" content=\"1 minute\" \/>\n<!-- \/ Yoast SEO plugin. -->","yoast_head_json":{"title":"R\u00e9flexion R.021 Brut Ros\u00e9 Champagne | Lallier","description":"Discover the extra touch of liveliness and structure of R\u00e9flexion R.021 Ros\u00e9, the result of a new approach to Ros\u00e9 champagne blending at Lallier.","robots":{"index":"noindex","follow":"follow","max-snippet":"max-snippet:-1","max-image-preview":"max-image-preview:large","max-video-preview":"max-video-preview:-1"},"og_type":"article","og_title":"R\u00e9flexion R.021 Brut Ros\u00e9 Champagne | Lallier","og_description":"Discover the extra touch of liveliness and structure of R\u00e9flexion R.021 Ros\u00e9, the result of a new approach to Ros\u00e9 champagne blending at Lallier.","og_url":"https:\/\/test.champagne-lallier.com\/dev\/our-collections\/reflexions-r\/r021-rose\/","og_site_name":"Champagne Lallier","article_modified_time":"2025-10-30T08:09:14+00:00","og_image":[{"width":436,"height":1297,"url":"https:\/\/test.champagne-lallier.com\/dev\/app\/uploads\/2024\/09\/R021Brut.png","type":"image\/png"}],"twitter_card":"summary_large_image","twitter_misc":{"Est. reading time":"1 minute"},"schema":{"@context":"https:\/\/schema.org","@graph":[{"@type":"WebPage","@id":"https:\/\/test.champagne-lallier.com\/dev\/our-collections\/reflexions-r\/r021-rose\/","url":"https:\/\/test.champagne-lallier.com\/dev\/our-collections\/reflexions-r\/r021-rose\/","name":"R\u00e9flexion R.021 Brut Ros\u00e9 Champagne | Lallier","isPartOf":{"@id":"https:\/\/test.champagne-lallier.com\/dev\/en-us\/#website"},"primaryImageOfPage":{"@id":"https:\/\/test.champagne-lallier.com\/dev\/our-collections\/reflexions-r\/r021-rose\/#primaryimage"},"image":{"@id":"https:\/\/test.champagne-lallier.com\/dev\/our-collections\/reflexions-r\/r021-rose\/#primaryimage"},"thumbnailUrl":"https:\/\/test.champagne-lallier.com\/dev\/app\/uploads\/2024\/09\/R021Brut.png","datePublished":"2024-09-12T10:46:04+00:00","dateModified":"2025-10-30T08:09:14+00:00","description":"Discover the extra touch of liveliness and structure of R\u00e9flexion R.021 Ros\u00e9, the result of a new approach to Ros\u00e9 champagne blending at Lallier.","breadcrumb":{"@id":"https:\/\/test.champagne-lallier.com\/dev\/our-collections\/reflexions-r\/r021-rose\/#breadcrumb"},"inLanguage":"en","potentialAction":[{"@type":"ReadAction","target":["https:\/\/www.champagne-lallier.com\/our-collections\/reflexions-r\/r021-rose\/"]}]},{"@type":"ImageObject","inLanguage":"en","@id":"https:\/\/test.champagne-lallier.com\/dev\/our-collections\/reflexions-r\/r021-rose\/#primaryimage","url":"https:\/\/test.champagne-lallier.com\/dev\/app\/uploads\/2024\/09\/R021Brut.png","contentUrl":"https:\/\/test.champagne-lallier.com\/dev\/app\/uploads\/2024\/09\/R021Brut.png","width":436,"height":1297,"caption":"Champagne Lallier R021 Brut"},{"@type":"BreadcrumbList","@id":"https:\/\/test.champagne-lallier.com\/dev\/our-collections\/reflexions-r\/r021-rose\/#breadcrumb","itemListElement":[{"@type":"ListItem","position":1,"name":"Home","item":"https:\/\/test.champagne-lallier.com\/dev\/"},{"@type":"ListItem","position":2,"name":"Our collections","item":"https:\/\/test.champagne-lallier.com\/dev\/our-collections\/"},{"@type":"ListItem","position":3,"name":"The R\u00e9flexion Collection","item":"https:\/\/test.champagne-lallier.com\/dev\/our-collections\/reflexions-r\/"},{"@type":"ListItem","position":4,"name":"R.021 Brut Ros\u00e9\u200b"}]},{"@type":"WebSite","@id":"https:\/\/test.champagne-lallier.com\/dev\/en-us\/#website","url":"https:\/\/test.champagne-lallier.com\/dev\/en-us\/","name":"Champagne Lallier","description":"Just another Champagne-lallier.com site","publisher":{"@id":"https:\/\/test.champagne-lallier.com\/dev\/en-us\/#organization"},"potentialAction":[{"@type":"SearchAction","target":{"@type":"EntryPoint","urlTemplate":"https:\/\/test.champagne-lallier.com\/dev\/en-us\/?s={search_term_string}"},"query-input":{"@type":"PropertyValueSpecification","valueRequired":true,"valueName":"search_term_string"}}],"inLanguage":"en"},{"@type":"Organization","@id":"https:\/\/test.champagne-lallier.com\/dev\/en-us\/#organization","name":"Champagne Lallier","url":"https:\/\/test.champagne-lallier.com\/dev\/en-us\/","logo":{"@type":"ImageObject","inLanguage":"en","@id":"https:\/\/test.champagne-lallier.com\/dev\/en-us\/#\/schema\/logo\/image\/","url":"","contentUrl":"","caption":"Champagne Lallier"},"image":{"@id":"https:\/\/test.champagne-lallier.com\/dev\/en-us\/#\/schema\/logo\/image\/"}}]}},"_links":{"self":[{"href":"https:\/\/test.champagne-lallier.com\/dev\/wp-json\/wp\/v2\/pages\/6387","targetHints":{"allow":["GET"]}}],"collection":[{"href":"https:\/\/test.champagne-lallier.com\/dev\/wp-json\/wp\/v2\/pages"}],"about":[{"href":"https:\/\/test.champagne-lallier.com\/dev\/wp-json\/wp\/v2\/types\/page"}],"author":[{"embeddable":true,"href":"https:\/\/test.champagne-lallier.com\/dev\/wp-json\/wp\/v2\/users\/10001"}],"replies":[{"embeddable":true,"href":"https:\/\/test.champagne-lallier.com\/dev\/wp-json\/wp\/v2\/comments?post=6387"}],"version-history":[{"count":1,"href":"https:\/\/test.champagne-lallier.com\/dev\/wp-json\/wp\/v2\/pages\/6387\/revisions"}],"predecessor-version":[{"id":9550,"href":"https:\/\/test.champagne-lallier.com\/dev\/wp-json\/wp\/v2\/pages\/6387\/revisions\/9550"}],"up":[{"embeddable":true,"href":"https:\/\/test.champagne-lallier.com\/dev\/wp-json\/wp\/v2\/pages\/570"}],"wp:featuredmedia":[{"embeddable":true,"href":"https:\/\/test.champagne-lallier.com\/dev\/wp-json\/wp\/v2\/media\/6319"}],"wp:attachment":[{"href":"https:\/\/test.champagne-lallier.com\/dev\/wp-json\/wp\/v2\/media?parent=6387"}],"wp:term":[{"taxonomy":"pagetype","embeddable":true,"href":"https:\/\/test.champagne-lallier.com\/dev\/wp-json\/wp\/v2\/pagetype?post=6387"}],"curies":[{"name":"wp","href":"https:\/\/api.w.org\/{rel}","templated":true}]}}